{"id":479,"date":"2022-11-24T05:23:40","date_gmt":"2022-11-24T03:23:40","guid":{"rendered":"http:\/\/cedra.academy\/?page_id=479"},"modified":"2022-11-27T23:56:56","modified_gmt":"2022-11-27T21:56:56","slug":"biologia","status":"publish","type":"page","link":"https:\/\/cedra.academy\/?page_id=479","title":{"rendered":"Biologia"},"content":{"rendered":"<br \/>\n<h3 style=\"text-align: center;\"><strong>Biologia<\/strong><\/h3>\n<h3 style=\"text-align: center;\">resurse pentru lec\u021bie<\/h3>\n<p><div class=\"tcb-post-list thrv_wrapper\" data-type=\"grid\" data-pagination-type=\"load_more\" data-pages_near_current=\"2\" data-css=\"tve-u-184a15a9fa9\" data-total_post_count=\"23\" data-total_sticky_count=\"0\" data-disabled-links=\"1\" data-featured-list=\"tve-u-184a138f6fc\" data-no_posts_text=\"There are no posts to display.\"><article id=\"post-2286\" class=\"post-2286 post type-post status-publish format-standard has-post-thumbnail hentry category-biologia category-resurse-educationale hello-academy-blog-item-grid post-wrapper thrv_wrapper \" tcb_hover_state_parent=\"\" data-selector=\".post-wrapper\"><style class=\"tcb-post-list-dynamic-style\" type=\"text\/css\"><\/style><\/p>\n<h2><span data-id=\"0\" data-type=\"true\" style=\"display: inline-block; line-height: 0;\"><\/span><span data-id=\"0\" data-type=\"true\" style=\"display: inline-block; line-height: 0;\"><\/span><span data-id=\"0\" data-type=\"true\" style=\"display: inline-block; line-height: 0;\"><\/span><span data-id=\"0\" data-type=\"true\" style=\"display: inline-block; line-height: 0;\"><\/span><span data-shortcode=\"tcb_post_title\" data-shortcode-name=\"Post title\" data-extra_key=\"\" data-attr-link=\"1\" data-attr-target=\"0\" data-attr-rel=\"0\" data-option-inline=\"1\" data-attr-static-link=\"{&quot;className&quot;:&quot;tve-froala fr-basic&quot;,&quot;href&quot;:&quot;https:\/\/cedra.academy\/?p=687&quot;,&quot;title&quot;:&quot;Dezvoltarea animalelor&quot;,&quot;data-css&quot;:&quot;tve-u-184a15c2b3a&quot;,&quot;class&quot;:&quot;tve-froala fr-basic&quot;}\" data-attr-css=\"tve-u-184a15c2b3a\"><a href=\"https:\/\/cedra.academy\/?p=2286\" title=\"Fotosinteza \u2013 fabrica verde a vie\u021bii\" data-css=\"tve-u-184a15c2b3a\" class=\"tve-froala fr-basic\">Fotosinteza \u2013 fabrica verde a vie\u021bii<\/a><\/span><span data-id=\"0\" data-type=\"false\" style=\"display: inline-block; line-height: 0;\"><\/span><span data-id=\"0\" data-type=\"false\" style=\"display: inline-block; line-height: 0;\"><\/span><span data-id=\"0\" data-type=\"false\" style=\"display: inline-block; line-height: 0;\"><\/span><span data-id=\"0\" data-type=\"false\" style=\"display: inline-block; line-height: 0;\"><\/span><\/h2>\n<p><a href=\"https:\/\/cedra.academy\/?p=2286\" style=\"\"><span>                    <\/span><span><span>Desc\u0103rca\u021bi<\/span><\/span><\/a><\/article><article id=\"post-2353\" class=\"post-2353 post type-post status-publish format-standard has-post-thumbnail hentry category-biologia category-resurse-educationale hello-academy-blog-item-grid post-wrapper thrv_wrapper \" tcb_hover_state_parent=\"\" data-selector=\".post-wrapper\"><style class=\"tcb-post-list-dynamic-style\" type=\"text\/css\"><\/style><\/p>\n<h2><span data-id=\"0\" data-type=\"true\" style=\"display: inline-block; line-height: 0;\"><\/span><span data-id=\"0\" data-type=\"true\" style=\"display: inline-block; line-height: 0;\"><\/span><span data-id=\"0\" data-type=\"true\" style=\"display: inline-block; line-height: 0;\"><\/span><span data-id=\"0\" data-type=\"true\" style=\"display: inline-block; line-height: 0;\"><\/span><span data-shortcode=\"tcb_post_title\" data-shortcode-name=\"Post title\" data-extra_key=\"\" data-attr-link=\"1\" data-attr-target=\"0\" data-attr-rel=\"0\" data-option-inline=\"1\" data-attr-static-link=\"{&quot;className&quot;:&quot;tve-froala fr-basic&quot;,&quot;href&quot;:&quot;https:\/\/cedra.academy\/?p=687&quot;,&quot;title&quot;:&quot;Dezvoltarea animalelor&quot;,&quot;data-css&quot;:&quot;tve-u-184a15c2b3a&quot;,&quot;class&quot;:&quot;tve-froala fr-basic&quot;}\" data-attr-css=\"tve-u-184a15c2b3a\"><a href=\"https:\/\/cedra.academy\/?p=2353\" title=\"Organele sistemului respirator \u2013 structur\u0103 \u0219i rol\" data-css=\"tve-u-184a15c2b3a\" class=\"tve-froala fr-basic\">Organele sistemului respirator \u2013 structur\u0103 \u0219i rol<\/a><\/span><span data-id=\"0\" data-type=\"false\" style=\"display: inline-block; line-height: 0;\"><\/span><span data-id=\"0\" data-type=\"false\" style=\"display: inline-block; line-height: 0;\"><\/span><span data-id=\"0\" data-type=\"false\" style=\"display: inline-block; line-height: 0;\"><\/span><span data-id=\"0\" data-type=\"false\" style=\"display: inline-block; line-height: 0;\"><\/span><\/h2>\n<p><a href=\"https:\/\/cedra.academy\/?p=2353\" style=\"\"><span>                    <\/span><span><span>Desc\u0103rca\u021bi<\/span><\/span><\/a><\/article><article id=\"post-1866\" class=\"post-1866 post type-post status-publish format-standard has-post-thumbnail hentry category-biologia category-resurse-educationale hello-academy-blog-item-grid post-wrapper thrv_wrapper \" tcb_hover_state_parent=\"\" data-selector=\".post-wrapper\"><style class=\"tcb-post-list-dynamic-style\" type=\"text\/css\"><\/style><\/p>\n<h2><span data-id=\"0\" data-type=\"true\" style=\"display: inline-block; line-height: 0;\"><\/span><span data-id=\"0\" data-type=\"true\" style=\"display: inline-block; line-height: 0;\"><\/span><span data-id=\"0\" data-type=\"true\" style=\"display: inline-block; line-height: 0;\"><\/span><span data-id=\"0\" data-type=\"true\" style=\"display: inline-block; line-height: 0;\"><\/span><span data-shortcode=\"tcb_post_title\" data-shortcode-name=\"Post title\" data-extra_key=\"\" data-attr-link=\"1\" data-attr-target=\"0\" data-attr-rel=\"0\" data-option-inline=\"1\" data-attr-static-link=\"{&quot;className&quot;:&quot;tve-froala fr-basic&quot;,&quot;href&quot;:&quot;https:\/\/cedra.academy\/?p=687&quot;,&quot;title&quot;:&quot;Dezvoltarea animalelor&quot;,&quot;data-css&quot;:&quot;tve-u-184a15c2b3a&quot;,&quot;class&quot;:&quot;tve-froala fr-basic&quot;}\" data-attr-css=\"tve-u-184a15c2b3a\"><a href=\"https:\/\/cedra.academy\/?p=1866\" title=\"Structura \u015fi ultrastructura celulei eucariote, rolul componentelor celulare\" data-css=\"tve-u-184a15c2b3a\" class=\"tve-froala fr-basic\">Structura \u015fi ultrastructura celulei eucariote, rolul componentelor celulare<\/a><\/span><span data-id=\"0\" data-type=\"false\" style=\"display: inline-block; line-height: 0;\"><\/span><span data-id=\"0\" data-type=\"false\" style=\"display: inline-block; line-height: 0;\"><\/span><span data-id=\"0\" data-type=\"false\" style=\"display: inline-block; line-height: 0;\"><\/span><span data-id=\"0\" data-type=\"false\" style=\"display: inline-block; line-height: 0;\"><\/span><\/h2>\n<p><a href=\"https:\/\/cedra.academy\/?p=1866\" style=\"\"><span>                    <\/span><span><span>Desc\u0103rca\u021bi<\/span><\/span><\/a><\/article><article id=\"post-1957\" class=\"post-1957 post type-post status-publish format-standard has-post-thumbnail hentry category-biologia category-resurse-educationale hello-academy-blog-item-grid post-wrapper thrv_wrapper \" tcb_hover_state_parent=\"\" data-selector=\".post-wrapper\"><style class=\"tcb-post-list-dynamic-style\" type=\"text\/css\"><\/style><\/p>\n<h2><span data-id=\"0\" data-type=\"true\" style=\"display: inline-block; line-height: 0;\"><\/span><span data-id=\"0\" data-type=\"true\" style=\"display: inline-block; line-height: 0;\"><\/span><span data-id=\"0\" data-type=\"true\" style=\"display: inline-block; line-height: 0;\"><\/span><span data-id=\"0\" data-type=\"true\" style=\"display: inline-block; line-height: 0;\"><\/span><span data-shortcode=\"tcb_post_title\" data-shortcode-name=\"Post title\" data-extra_key=\"\" data-attr-link=\"1\" data-attr-target=\"0\" data-attr-rel=\"0\" data-option-inline=\"1\" data-attr-static-link=\"{&quot;className&quot;:&quot;tve-froala fr-basic&quot;,&quot;href&quot;:&quot;https:\/\/cedra.academy\/?p=687&quot;,&quot;title&quot;:&quot;Dezvoltarea animalelor&quot;,&quot;data-css&quot;:&quot;tve-u-184a15c2b3a&quot;,&quot;class&quot;:&quot;tve-froala fr-basic&quot;}\" data-attr-css=\"tve-u-184a15c2b3a\"><a href=\"https:\/\/cedra.academy\/?p=1957\" title=\"Ciupercile\" data-css=\"tve-u-184a15c2b3a\" class=\"tve-froala fr-basic\">Ciupercile<\/a><\/span><span data-id=\"0\" data-type=\"false\" style=\"display: inline-block; line-height: 0;\"><\/span><span data-id=\"0\" data-type=\"false\" style=\"display: inline-block; line-height: 0;\"><\/span><span data-id=\"0\" data-type=\"false\" style=\"display: inline-block; line-height: 0;\"><\/span><span data-id=\"0\" data-type=\"false\" style=\"display: inline-block; line-height: 0;\"><\/span><\/h2>\n<p><a href=\"https:\/\/cedra.academy\/?p=1957\" style=\"\"><span>                    <\/span><span><span>Desc\u0103rca\u021bi<\/span><\/span><\/a><\/article><article id=\"post-1697\" class=\"post-1697 post type-post status-publish format-standard has-post-thumbnail hentry category-biologia category-resurse-educationale hello-academy-blog-item-grid post-wrapper thrv_wrapper \" tcb_hover_state_parent=\"\" data-selector=\".post-wrapper\"><style class=\"tcb-post-list-dynamic-style\" type=\"text\/css\"><\/style><\/p>\n<h2><span data-id=\"0\" data-type=\"true\" style=\"display: inline-block; line-height: 0;\"><\/span><span data-id=\"0\" data-type=\"true\" style=\"display: inline-block; line-height: 0;\"><\/span><span data-id=\"0\" data-type=\"true\" style=\"display: inline-block; line-height: 0;\"><\/span><span data-id=\"0\" data-type=\"true\" style=\"display: inline-block; line-height: 0;\"><\/span><span data-shortcode=\"tcb_post_title\" data-shortcode-name=\"Post title\" data-extra_key=\"\" data-attr-link=\"1\" data-attr-target=\"0\" data-attr-rel=\"0\" data-option-inline=\"1\" data-attr-static-link=\"{&quot;className&quot;:&quot;tve-froala fr-basic&quot;,&quot;href&quot;:&quot;https:\/\/cedra.academy\/?p=687&quot;,&quot;title&quot;:&quot;Dezvoltarea animalelor&quot;,&quot;data-css&quot;:&quot;tve-u-184a15c2b3a&quot;,&quot;class&quot;:&quot;tve-froala fr-basic&quot;}\" data-attr-css=\"tve-u-184a15c2b3a\"><a href=\"https:\/\/cedra.academy\/?p=1697\" title=\"Sistemul nervos: alc\u0103tuire, func\u0163ii \u015fi igien\u0103\" data-css=\"tve-u-184a15c2b3a\" class=\"tve-froala fr-basic\">Sistemul nervos: alc\u0103tuire, func\u0163ii \u015fi igien\u0103<\/a><\/span><span data-id=\"0\" data-type=\"false\" style=\"display: inline-block; line-height: 0;\"><\/span><span data-id=\"0\" data-type=\"false\" style=\"display: inline-block; line-height: 0;\"><\/span><span data-id=\"0\" data-type=\"false\" style=\"display: inline-block; line-height: 0;\"><\/span><span data-id=\"0\" data-type=\"false\" style=\"display: inline-block; line-height: 0;\"><\/span><\/h2>\n<p><a href=\"https:\/\/cedra.academy\/?p=1697\" style=\"\"><span>                    <\/span><span><span>Desc\u0103rca\u021bi<\/span><\/span><\/a><\/article><article id=\"post-1676\" class=\"post-1676 post type-post status-publish format-standard has-post-thumbnail hentry category-biologia category-resurse-educationale hello-academy-blog-item-grid post-wrapper thrv_wrapper \" tcb_hover_state_parent=\"\" data-selector=\".post-wrapper\"><style class=\"tcb-post-list-dynamic-style\" type=\"text\/css\"><\/style><\/p>\n<h2><span data-id=\"0\" data-type=\"true\" style=\"display: inline-block; line-height: 0;\"><\/span><span data-id=\"0\" data-type=\"true\" style=\"display: inline-block; line-height: 0;\"><\/span><span data-id=\"0\" data-type=\"true\" style=\"display: inline-block; line-height: 0;\"><\/span><span data-id=\"0\" data-type=\"true\" style=\"display: inline-block; line-height: 0;\"><\/span><span data-shortcode=\"tcb_post_title\" data-shortcode-name=\"Post title\" data-extra_key=\"\" data-attr-link=\"1\" data-attr-target=\"0\" data-attr-rel=\"0\" data-option-inline=\"1\" data-attr-static-link=\"{&quot;className&quot;:&quot;tve-froala fr-basic&quot;,&quot;href&quot;:&quot;https:\/\/cedra.academy\/?p=687&quot;,&quot;title&quot;:&quot;Dezvoltarea animalelor&quot;,&quot;data-css&quot;:&quot;tve-u-184a15c2b3a&quot;,&quot;class&quot;:&quot;tve-froala fr-basic&quot;}\" data-attr-css=\"tve-u-184a15c2b3a\"><a href=\"https:\/\/cedra.academy\/?p=1676\" title=\"Medii de via\u0163\u0103. Diversitatea \u00een lumea plantelor\" data-css=\"tve-u-184a15c2b3a\" class=\"tve-froala fr-basic\">Medii de via\u0163\u0103. Diversitatea \u00een lumea plantelor<\/a><\/span><span data-id=\"0\" data-type=\"false\" style=\"display: inline-block; line-height: 0;\"><\/span><span data-id=\"0\" data-type=\"false\" style=\"display: inline-block; line-height: 0;\"><\/span><span data-id=\"0\" data-type=\"false\" style=\"display: inline-block; line-height: 0;\"><\/span><span data-id=\"0\" data-type=\"false\" style=\"display: inline-block; line-height: 0;\"><\/span><\/h2>\n<p><a href=\"https:\/\/cedra.academy\/?p=1676\" style=\"\"><span>                    <\/span><span><span>Desc\u0103rca\u021bi<\/span><\/span><\/a><\/article><\/div><div class=\"tcb-pagination thrv_wrapper tcb-permanently-hidden\" data-list=\"tve-u-184a15a9fa9\" data-type=\"load_more\"><a href=\"javascript:void(0)\"><span><span>Afl\u0103 mai mult<\/span><\/span><\/a><\/div><\/p>\n","protected":false},"excerpt":{"rendered":"<p>Biologia resurse pentru lec\u021bie<\/p>\n","protected":false},"author":1,"featured_media":0,"parent":469,"menu_order":0,"comment_status":"closed","ping_status":"closed","template":"","meta":{"footnotes":""},"_links":{"self":[{"href":"https:\/\/cedra.academy\/index.php?rest_route=\/wp\/v2\/pages\/479"}],"collection":[{"href":"https:\/\/cedra.academy\/index.php?rest_route=\/wp\/v2\/pages"}],"about":[{"href":"https:\/\/cedra.academy\/index.php?rest_route=\/wp\/v2\/types\/page"}],"author":[{"embeddable":true,"href":"https:\/\/cedra.academy\/index.php?rest_route=\/wp\/v2\/users\/1"}],"replies":[{"embeddable":true,"href":"https:\/\/cedra.academy\/index.php?rest_route=%2Fwp%2Fv2%2Fcomments&post=479"}],"version-history":[{"count":5,"href":"https:\/\/cedra.academy\/index.php?rest_route=\/wp\/v2\/pages\/479\/revisions"}],"predecessor-version":[{"id":706,"href":"https:\/\/cedra.academy\/index.php?rest_route=\/wp\/v2\/pages\/479\/revisions\/706"}],"up":[{"embeddable":true,"href":"https:\/\/cedra.academy\/index.php?rest_route=\/wp\/v2\/pages\/469"}],"wp:attachment":[{"href":"https:\/\/cedra.academy\/index.php?rest_route=%2Fwp%2Fv2%2Fmedia&parent=479"}],"curies":[{"name":"wp","href":"https:\/\/api.w.org\/{rel}","templated":true}]}}