{"id":481,"date":"2022-11-24T05:24:39","date_gmt":"2022-11-24T03:24:39","guid":{"rendered":"http:\/\/cedra.academy\/?page_id=481"},"modified":"2022-11-27T23:59:14","modified_gmt":"2022-11-27T21:59:14","slug":"chimie","status":"publish","type":"page","link":"https:\/\/cedra.academy\/?page_id=481","title":{"rendered":"Chimie"},"content":{"rendered":"<br \/>\n<h3 style=\"text-align: center;\"><strong>Chimie<\/strong><\/h3>\n<h3 style=\"text-align: center;\">resurse pentru lec\u021bie<\/h3>\n<p><div class=\"tcb-post-list thrv_wrapper\" data-type=\"grid\" data-pagination-type=\"load_more\" data-pages_near_current=\"2\" data-css=\"tve-u-184a15a9fa9\" data-total_post_count=\"24\" data-total_sticky_count=\"0\" data-disabled-links=\"1\" data-featured-list=\"tve-u-184a138f6fc\" data-no_posts_text=\"There are no posts to display.\"><article id=\"post-2375\" class=\"post-2375 post type-post status-publish format-standard has-post-thumbnail hentry category-chimia category-resurse-educationale hello-academy-blog-item-grid post-wrapper thrv_wrapper \" tcb_hover_state_parent=\"\" data-selector=\".post-wrapper\"><style class=\"tcb-post-list-dynamic-style\" type=\"text\/css\"><\/style><\/p>\n<h2><span data-id=\"0\" data-type=\"true\" style=\"display: inline-block; line-height: 0;\"><\/span><span data-id=\"0\" data-type=\"true\" style=\"display: inline-block; line-height: 0;\"><\/span><span data-id=\"0\" data-type=\"true\" style=\"display: inline-block; line-height: 0;\"><\/span><span data-id=\"0\" data-type=\"true\" style=\"display: inline-block; line-height: 0;\"><\/span><span data-shortcode=\"tcb_post_title\" data-shortcode-name=\"Post title\" data-extra_key=\"\" data-attr-link=\"1\" data-attr-target=\"0\" data-attr-rel=\"0\" data-option-inline=\"1\" data-attr-static-link=\"{&quot;className&quot;:&quot;tve-froala fr-basic&quot;,&quot;href&quot;:&quot;#&quot;,&quot;title&quot;:&quot;Chimie&quot;,&quot;data-css&quot;:&quot;tve-u-184a15c2b3a&quot;,&quot;class&quot;:&quot;tve-froala fr-basic&quot;}\" data-attr-css=\"tve-u-184a15c2b3a\"><a href=\"https:\/\/cedra.academy\/?p=2375\" title=\"Propriet\u0103\u021bile fizice ale substan\u021belor. Fenomene fizice \u0219i chimice\" data-css=\"tve-u-184a15c2b3a\" class=\"tve-froala fr-basic\">Propriet\u0103\u021bile fizice ale substan\u021belor. Fenomene fizice \u0219i chimice<\/a><\/span><span data-id=\"0\" data-type=\"false\" style=\"display: inline-block; line-height: 0;\"><\/span><span data-id=\"0\" data-type=\"false\" style=\"display: inline-block; line-height: 0;\"><\/span><span data-id=\"0\" data-type=\"false\" style=\"display: inline-block; line-height: 0;\"><\/span><span data-id=\"0\" data-type=\"false\" style=\"display: inline-block; line-height: 0;\"><\/span><\/h2>\n<p><a href=\"https:\/\/cedra.academy\/?p=2375\" style=\"\"><span>                    <\/span><span><span>Desc\u0103rca\u021bi<\/span><\/span><\/a><\/article><article id=\"post-2732\" class=\"post-2732 post type-post status-publish format-standard has-post-thumbnail hentry category-chimia category-fizica category-resurse-educationale hello-academy-blog-item-grid post-wrapper thrv_wrapper \" tcb_hover_state_parent=\"\" data-selector=\".post-wrapper\"><style class=\"tcb-post-list-dynamic-style\" type=\"text\/css\"><\/style><\/p>\n<h2><span data-id=\"0\" data-type=\"true\" style=\"display: inline-block; line-height: 0;\"><\/span><span data-id=\"0\" data-type=\"true\" style=\"display: inline-block; line-height: 0;\"><\/span><span data-id=\"0\" data-type=\"true\" style=\"display: inline-block; line-height: 0;\"><\/span><span data-id=\"0\" data-type=\"true\" style=\"display: inline-block; line-height: 0;\"><\/span><span data-shortcode=\"tcb_post_title\" data-shortcode-name=\"Post title\" data-extra_key=\"\" data-attr-link=\"1\" data-attr-target=\"0\" data-attr-rel=\"0\" data-option-inline=\"1\" data-attr-static-link=\"{&quot;className&quot;:&quot;tve-froala fr-basic&quot;,&quot;href&quot;:&quot;#&quot;,&quot;title&quot;:&quot;Chimie&quot;,&quot;data-css&quot;:&quot;tve-u-184a15c2b3a&quot;,&quot;class&quot;:&quot;tve-froala fr-basic&quot;}\" data-attr-css=\"tve-u-184a15c2b3a\"><a href=\"https:\/\/cedra.academy\/?p=2732\" title=\"Atomul (Informa\u021bii, PPT, fi\u0219e de lucru)\" data-css=\"tve-u-184a15c2b3a\" class=\"tve-froala fr-basic\">Atomul (Informa\u021bii, PPT, fi\u0219e de lucru)<\/a><\/span><span data-id=\"0\" data-type=\"false\" style=\"display: inline-block; line-height: 0;\"><\/span><span data-id=\"0\" data-type=\"false\" style=\"display: inline-block; line-height: 0;\"><\/span><span data-id=\"0\" data-type=\"false\" style=\"display: inline-block; line-height: 0;\"><\/span><span data-id=\"0\" data-type=\"false\" style=\"display: inline-block; line-height: 0;\"><\/span><\/h2>\n<p><a href=\"https:\/\/cedra.academy\/?p=2732\" style=\"\"><span>                    <\/span><span><span>Desc\u0103rca\u021bi<\/span><\/span><\/a><\/article><article id=\"post-2381\" class=\"post-2381 post type-post status-publish format-standard has-post-thumbnail hentry category-chimia category-resurse-educationale hello-academy-blog-item-grid post-wrapper thrv_wrapper \" tcb_hover_state_parent=\"\" data-selector=\".post-wrapper\"><style class=\"tcb-post-list-dynamic-style\" type=\"text\/css\"><\/style><\/p>\n<h2><span data-id=\"0\" data-type=\"true\" style=\"display: inline-block; line-height: 0;\"><\/span><span data-id=\"0\" data-type=\"true\" style=\"display: inline-block; line-height: 0;\"><\/span><span data-id=\"0\" data-type=\"true\" style=\"display: inline-block; line-height: 0;\"><\/span><span data-id=\"0\" data-type=\"true\" style=\"display: inline-block; line-height: 0;\"><\/span><span data-shortcode=\"tcb_post_title\" data-shortcode-name=\"Post title\" data-extra_key=\"\" data-attr-link=\"1\" data-attr-target=\"0\" data-attr-rel=\"0\" data-option-inline=\"1\" data-attr-static-link=\"{&quot;className&quot;:&quot;tve-froala fr-basic&quot;,&quot;href&quot;:&quot;#&quot;,&quot;title&quot;:&quot;Chimie&quot;,&quot;data-css&quot;:&quot;tve-u-184a15c2b3a&quot;,&quot;class&quot;:&quot;tve-froala fr-basic&quot;}\" data-attr-css=\"tve-u-184a15c2b3a\"><a href=\"https:\/\/cedra.academy\/?p=2381\" title=\"Oxigenul \u2013 cel mai important gaz al vie\u021bii\" data-css=\"tve-u-184a15c2b3a\" class=\"tve-froala fr-basic\">Oxigenul \u2013 cel mai important gaz al vie\u021bii<\/a><\/span><span data-id=\"0\" data-type=\"false\" style=\"display: inline-block; line-height: 0;\"><\/span><span data-id=\"0\" data-type=\"false\" style=\"display: inline-block; line-height: 0;\"><\/span><span data-id=\"0\" data-type=\"false\" style=\"display: inline-block; line-height: 0;\"><\/span><span data-id=\"0\" data-type=\"false\" style=\"display: inline-block; line-height: 0;\"><\/span><\/h2>\n<p><a href=\"https:\/\/cedra.academy\/?p=2381\" style=\"\"><span>                    <\/span><span><span>Desc\u0103rca\u021bi<\/span><\/span><\/a><\/article><article id=\"post-1889\" class=\"post-1889 post type-post status-publish format-standard has-post-thumbnail hentry category-chimia category-resurse-educationale hello-academy-blog-item-grid post-wrapper thrv_wrapper \" tcb_hover_state_parent=\"\" data-selector=\".post-wrapper\"><style class=\"tcb-post-list-dynamic-style\" type=\"text\/css\"><\/style><\/p>\n<h2><span data-id=\"0\" data-type=\"true\" style=\"display: inline-block; line-height: 0;\"><\/span><span data-id=\"0\" data-type=\"true\" style=\"display: inline-block; line-height: 0;\"><\/span><span data-id=\"0\" data-type=\"true\" style=\"display: inline-block; line-height: 0;\"><\/span><span data-id=\"0\" data-type=\"true\" style=\"display: inline-block; line-height: 0;\"><\/span><span data-shortcode=\"tcb_post_title\" data-shortcode-name=\"Post title\" data-extra_key=\"\" data-attr-link=\"1\" data-attr-target=\"0\" data-attr-rel=\"0\" data-option-inline=\"1\" data-attr-static-link=\"{&quot;className&quot;:&quot;tve-froala fr-basic&quot;,&quot;href&quot;:&quot;#&quot;,&quot;title&quot;:&quot;Chimie&quot;,&quot;data-css&quot;:&quot;tve-u-184a15c2b3a&quot;,&quot;class&quot;:&quot;tve-froala fr-basic&quot;}\" data-attr-css=\"tve-u-184a15c2b3a\"><a href=\"https:\/\/cedra.academy\/?p=1889\" title=\"Compu\u015fi organici cu ac\u0163iune biologic\u0103: gr\u0103simi, proteine, zaharide\" data-css=\"tve-u-184a15c2b3a\" class=\"tve-froala fr-basic\">Compu\u015fi organici cu ac\u0163iune biologic\u0103: gr\u0103simi, proteine, zaharide<\/a><\/span><span data-id=\"0\" data-type=\"false\" style=\"display: inline-block; line-height: 0;\"><\/span><span data-id=\"0\" data-type=\"false\" style=\"display: inline-block; line-height: 0;\"><\/span><span data-id=\"0\" data-type=\"false\" style=\"display: inline-block; line-height: 0;\"><\/span><span data-id=\"0\" data-type=\"false\" style=\"display: inline-block; line-height: 0;\"><\/span><\/h2>\n<p><a href=\"https:\/\/cedra.academy\/?p=1889\" style=\"\"><span>                    <\/span><span><span>Desc\u0103rca\u021bi<\/span><\/span><\/a><\/article><article id=\"post-1882\" class=\"post-1882 post type-post status-publish format-standard has-post-thumbnail hentry category-chimia category-resurse-educationale hello-academy-blog-item-grid post-wrapper thrv_wrapper \" tcb_hover_state_parent=\"\" data-selector=\".post-wrapper\"><style class=\"tcb-post-list-dynamic-style\" type=\"text\/css\"><\/style><\/p>\n<h2><span data-id=\"0\" data-type=\"true\" style=\"display: inline-block; line-height: 0;\"><\/span><span data-id=\"0\" data-type=\"true\" style=\"display: inline-block; line-height: 0;\"><\/span><span data-id=\"0\" data-type=\"true\" style=\"display: inline-block; line-height: 0;\"><\/span><span data-id=\"0\" data-type=\"true\" style=\"display: inline-block; line-height: 0;\"><\/span><span data-shortcode=\"tcb_post_title\" data-shortcode-name=\"Post title\" data-extra_key=\"\" data-attr-link=\"1\" data-attr-target=\"0\" data-attr-rel=\"0\" data-option-inline=\"1\" data-attr-static-link=\"{&quot;className&quot;:&quot;tve-froala fr-basic&quot;,&quot;href&quot;:&quot;#&quot;,&quot;title&quot;:&quot;Chimie&quot;,&quot;data-css&quot;:&quot;tve-u-184a15c2b3a&quot;,&quot;class&quot;:&quot;tve-froala fr-basic&quot;}\" data-attr-css=\"tve-u-184a15c2b3a\"><a href=\"https:\/\/cedra.academy\/?p=1882\" title=\"Petrolul \u2013 surs\u0103 de materii prime organice. Chimizarea petrolului\" data-css=\"tve-u-184a15c2b3a\" class=\"tve-froala fr-basic\">Petrolul \u2013 surs\u0103 de materii prime organice. Chimizarea petrolului<\/a><\/span><span data-id=\"0\" data-type=\"false\" style=\"display: inline-block; line-height: 0;\"><\/span><span data-id=\"0\" data-type=\"false\" style=\"display: inline-block; line-height: 0;\"><\/span><span data-id=\"0\" data-type=\"false\" style=\"display: inline-block; line-height: 0;\"><\/span><span data-id=\"0\" data-type=\"false\" style=\"display: inline-block; line-height: 0;\"><\/span><\/h2>\n<p><a href=\"https:\/\/cedra.academy\/?p=1882\" style=\"\"><span>                    <\/span><span><span>Desc\u0103rca\u021bi<\/span><\/span><\/a><\/article><article id=\"post-1871\" class=\"post-1871 post type-post status-publish format-standard has-post-thumbnail hentry category-chimia category-resurse-educationale hello-academy-blog-item-grid post-wrapper thrv_wrapper \" tcb_hover_state_parent=\"\" data-selector=\".post-wrapper\"><style class=\"tcb-post-list-dynamic-style\" type=\"text\/css\"><\/style><\/p>\n<h2><span data-id=\"0\" data-type=\"true\" style=\"display: inline-block; line-height: 0;\"><\/span><span data-id=\"0\" data-type=\"true\" style=\"display: inline-block; line-height: 0;\"><\/span><span data-id=\"0\" data-type=\"true\" style=\"display: inline-block; line-height: 0;\"><\/span><span data-id=\"0\" data-type=\"true\" style=\"display: inline-block; line-height: 0;\"><\/span><span data-shortcode=\"tcb_post_title\" data-shortcode-name=\"Post title\" data-extra_key=\"\" data-attr-link=\"1\" data-attr-target=\"0\" data-attr-rel=\"0\" data-option-inline=\"1\" data-attr-static-link=\"{&quot;className&quot;:&quot;tve-froala fr-basic&quot;,&quot;href&quot;:&quot;#&quot;,&quot;title&quot;:&quot;Chimie&quot;,&quot;data-css&quot;:&quot;tve-u-184a15c2b3a&quot;,&quot;class&quot;:&quot;tve-froala fr-basic&quot;}\" data-attr-css=\"tve-u-184a15c2b3a\"><a href=\"https:\/\/cedra.academy\/?p=1871\" title=\"Importan\u0163a practic\u0103 a metanului, etenei, acetilenei\" data-css=\"tve-u-184a15c2b3a\" class=\"tve-froala fr-basic\">Importan\u0163a practic\u0103 a metanului, etenei, acetilenei<\/a><\/span><span data-id=\"0\" data-type=\"false\" style=\"display: inline-block; line-height: 0;\"><\/span><span data-id=\"0\" data-type=\"false\" style=\"display: inline-block; line-height: 0;\"><\/span><span data-id=\"0\" data-type=\"false\" style=\"display: inline-block; line-height: 0;\"><\/span><span data-id=\"0\" data-type=\"false\" style=\"display: inline-block; line-height: 0;\"><\/span><\/h2>\n<p><a href=\"https:\/\/cedra.academy\/?p=1871\" style=\"\"><span>                    <\/span><span><span>Desc\u0103rca\u021bi<\/span><\/span><\/a><\/article><\/div><div class=\"tcb-pagination thrv_wrapper tcb-permanently-hidden\" data-list=\"tve-u-184a15a9fa9\" data-type=\"load_more\"><a href=\"javascript:void(0)\"><span><span>Afl\u0103 mai mult<\/span><\/span><\/a><\/div><\/p>\n","protected":false},"excerpt":{"rendered":"<p>Chimie resurse pentru lec\u021bie<\/p>\n","protected":false},"author":1,"featured_media":0,"parent":469,"menu_order":0,"comment_status":"closed","ping_status":"closed","template":"","meta":{"footnotes":""},"_links":{"self":[{"href":"https:\/\/cedra.academy\/index.php?rest_route=\/wp\/v2\/pages\/481"}],"collection":[{"href":"https:\/\/cedra.academy\/index.php?rest_route=\/wp\/v2\/pages"}],"about":[{"href":"https:\/\/cedra.academy\/index.php?rest_route=\/wp\/v2\/types\/page"}],"author":[{"embeddable":true,"href":"https:\/\/cedra.academy\/index.php?rest_route=\/wp\/v2\/users\/1"}],"replies":[{"embeddable":true,"href":"https:\/\/cedra.academy\/index.php?rest_route=%2Fwp%2Fv2%2Fcomments&post=481"}],"version-history":[{"count":5,"href":"https:\/\/cedra.academy\/index.php?rest_route=\/wp\/v2\/pages\/481\/revisions"}],"predecessor-version":[{"id":710,"href":"https:\/\/cedra.academy\/index.php?rest_route=\/wp\/v2\/pages\/481\/revisions\/710"}],"up":[{"embeddable":true,"href":"https:\/\/cedra.academy\/index.php?rest_route=\/wp\/v2\/pages\/469"}],"wp:attachment":[{"href":"https:\/\/cedra.academy\/index.php?rest_route=%2Fwp%2Fv2%2Fmedia&parent=481"}],"curies":[{"name":"wp","href":"https:\/\/api.w.org\/{rel}","templated":true}]}}