{"id":485,"date":"2022-11-24T05:25:18","date_gmt":"2022-11-24T03:25:18","guid":{"rendered":"http:\/\/cedra.academy\/?page_id=485"},"modified":"2025-04-23T18:38:01","modified_gmt":"2025-04-23T15:38:01","slug":"geografia","status":"publish","type":"page","link":"https:\/\/cedra.academy\/?page_id=485","title":{"rendered":"Geografie"},"content":{"rendered":"<h3 style=\"text-align: center;\"><strong>Geografie<\/strong><\/h3>\n<h3 style=\"text-align: center;\">Lec\u021bie<\/h3>\n<p><div class=\"tcb-post-list thrv_wrapper\" data-type=\"grid\" data-pagination-type=\"load_more\" data-pages_near_current=\"2\" data-css=\"tve-u-184a15a9fa9\" data-total_post_count=\"20\" data-total_sticky_count=\"0\" data-disabled-links=\"1\" data-featured-list=\"tve-u-184a138f6fc\" data-no_posts_text=\"There are no posts to display.\"><article id=\"post-2280\" class=\"post-2280 post type-post status-publish format-standard has-post-thumbnail hentry category-geografia category-resurse-educationale hello-academy-blog-item-grid post-wrapper thrv_wrapper \" tcb_hover_state_parent=\"\" data-selector=\".post-wrapper\"><style class=\"tcb-post-list-dynamic-style\" type=\"text\/css\"><\/style><\/p>\n<h2><span data-shortcode=\"tcb_post_title\" data-shortcode-name=\"Post title\" data-extra_key=\"\" data-attr-link=\"1\" data-attr-target=\"0\" data-attr-rel=\"0\" data-option-inline=\"1\" data-attr-static-link=\"{&quot;className&quot;:&quot;tve-froala fr-basic&quot;,&quot;href&quot;:&quot;#&quot;,&quot;title&quot;:&quot;Geografia&quot;,&quot;data-css&quot;:&quot;tve-u-184a15c2b3a&quot;,&quot;class&quot;:&quot;tve-froala fr-basic&quot;}\" data-attr-css=\"tve-u-184a15c2b3a\"><a href=\"https:\/\/cedra.academy\/?p=2280\" title=\"Mun\u021bii: formarea, tipurile \u0219i rolul lor \u00een natur\u0103\" data-css=\"tve-u-184a15c2b3a\" class=\"tve-froala fr-basic\">Mun\u021bii: formarea, tipurile \u0219i rolul lor \u00een natur\u0103<\/a><\/span><\/h2>\n<p><a href=\"https:\/\/cedra.academy\/?p=2280\"> Desc\u0103rca\u021bi<\/a><\/article><article id=\"post-1606\" class=\"post-1606 post type-post status-publish format-standard has-post-thumbnail hentry category-geografia category-resurse-educationale hello-academy-blog-item-grid post-wrapper thrv_wrapper \" tcb_hover_state_parent=\"\" data-selector=\".post-wrapper\"><style class=\"tcb-post-list-dynamic-style\" type=\"text\/css\"><\/style><\/p>\n<h2><span data-shortcode=\"tcb_post_title\" data-shortcode-name=\"Post title\" data-extra_key=\"\" data-attr-link=\"1\" data-attr-target=\"0\" data-attr-rel=\"0\" data-option-inline=\"1\" data-attr-static-link=\"{&quot;className&quot;:&quot;tve-froala fr-basic&quot;,&quot;href&quot;:&quot;#&quot;,&quot;title&quot;:&quot;Geografia&quot;,&quot;data-css&quot;:&quot;tve-u-184a15c2b3a&quot;,&quot;class&quot;:&quot;tve-froala fr-basic&quot;}\" data-attr-css=\"tve-u-184a15c2b3a\"><a href=\"https:\/\/cedra.academy\/?p=1606\" title=\"Factorii climatici: energia solar\u0103, circula\u021bia atmosferic\u0103 \u0219i suprafa\u021ba terestr\u0103 \u2013 \u0219i interac\u021biunea lor\" data-css=\"tve-u-184a15c2b3a\" class=\"tve-froala fr-basic\">Factorii climatici: energia solar\u0103, circula\u021bia atmosferic\u0103 \u0219i suprafa\u021ba terestr\u0103 \u2013 \u0219i interac\u021biunea lor<\/a><\/span><\/h2>\n<p><a href=\"https:\/\/cedra.academy\/?p=1606\"> Desc\u0103rca\u021bi<\/a><\/article><article id=\"post-1598\" class=\"post-1598 post type-post status-publish format-standard has-post-thumbnail hentry category-geografia category-resurse-educationale hello-academy-blog-item-grid post-wrapper thrv_wrapper \" tcb_hover_state_parent=\"\" data-selector=\".post-wrapper\"><style class=\"tcb-post-list-dynamic-style\" type=\"text\/css\"><\/style><\/p>\n<h2><span data-shortcode=\"tcb_post_title\" data-shortcode-name=\"Post title\" data-extra_key=\"\" data-attr-link=\"1\" data-attr-target=\"0\" data-attr-rel=\"0\" data-option-inline=\"1\" data-attr-static-link=\"{&quot;className&quot;:&quot;tve-froala fr-basic&quot;,&quot;href&quot;:&quot;#&quot;,&quot;title&quot;:&quot;Geografia&quot;,&quot;data-css&quot;:&quot;tve-u-184a15c2b3a&quot;,&quot;class&quot;:&quot;tve-froala fr-basic&quot;}\" data-attr-css=\"tve-u-184a15c2b3a\"><a href=\"https:\/\/cedra.academy\/?p=1598\" title=\"Istoria geologic\u0103 a P\u0103m\u00e2ntului\" data-css=\"tve-u-184a15c2b3a\" class=\"tve-froala fr-basic\">Istoria geologic\u0103 a P\u0103m\u00e2ntului<\/a><\/span><\/h2>\n<p><a href=\"https:\/\/cedra.academy\/?p=1598\"> Desc\u0103rca\u021bi<\/a><\/article><article id=\"post-1593\" class=\"post-1593 post type-post status-publish format-standard has-post-thumbnail hentry category-geografia category-resurse-educationale hello-academy-blog-item-grid post-wrapper thrv_wrapper \" tcb_hover_state_parent=\"\" data-selector=\".post-wrapper\"><style class=\"tcb-post-list-dynamic-style\" type=\"text\/css\"><\/style><\/p>\n<h2><span data-shortcode=\"tcb_post_title\" data-shortcode-name=\"Post title\" data-extra_key=\"\" data-attr-link=\"1\" data-attr-target=\"0\" data-attr-rel=\"0\" data-option-inline=\"1\" data-attr-static-link=\"{&quot;className&quot;:&quot;tve-froala fr-basic&quot;,&quot;href&quot;:&quot;#&quot;,&quot;title&quot;:&quot;Geografia&quot;,&quot;data-css&quot;:&quot;tve-u-184a15c2b3a&quot;,&quot;class&quot;:&quot;tve-froala fr-basic&quot;}\" data-attr-css=\"tve-u-184a15c2b3a\"><a href=\"https:\/\/cedra.academy\/?p=1593\" title=\"Silvicultura. Principalele zone forestiere ale lumii. Disponibilitatea resurselor forestiere. Silvicultura \u00een Ucraina\" data-css=\"tve-u-184a15c2b3a\" class=\"tve-froala fr-basic\">Silvicultura. Principalele zone forestiere ale lumii. Disponibilitatea resurselor forestiere. Silvicultura \u00een Ucraina<\/a><\/span><\/h2>\n<p><a href=\"https:\/\/cedra.academy\/?p=1593\"> Desc\u0103rca\u021bi<\/a><\/article><article id=\"post-1548\" class=\"post-1548 post type-post status-publish format-standard has-post-thumbnail hentry category-geografia category-resurse-educationale hello-academy-blog-item-grid post-wrapper thrv_wrapper \" tcb_hover_state_parent=\"\" data-selector=\".post-wrapper\"><style class=\"tcb-post-list-dynamic-style\" type=\"text\/css\"><\/style><\/p>\n<h2><span data-shortcode=\"tcb_post_title\" data-shortcode-name=\"Post title\" data-extra_key=\"\" data-attr-link=\"1\" data-attr-target=\"0\" data-attr-rel=\"0\" data-option-inline=\"1\" data-attr-static-link=\"{&quot;className&quot;:&quot;tve-froala fr-basic&quot;,&quot;href&quot;:&quot;#&quot;,&quot;title&quot;:&quot;Geografia&quot;,&quot;data-css&quot;:&quot;tve-u-184a15c2b3a&quot;,&quot;class&quot;:&quot;tve-froala fr-basic&quot;}\" data-attr-css=\"tve-u-184a15c2b3a\"><a href=\"https:\/\/cedra.academy\/?p=1548\" title=\"Meridianele \u0219i paralele pe glob \u0219i pe hart\u0103\" data-css=\"tve-u-184a15c2b3a\" class=\"tve-froala fr-basic\">Meridianele \u0219i paralele pe glob \u0219i pe hart\u0103<\/a><\/span><\/h2>\n<p><a href=\"https:\/\/cedra.academy\/?p=1548\"> Desc\u0103rca\u021bi<\/a><\/article><article id=\"post-1922\" class=\"post-1922 post type-post status-publish format-standard has-post-thumbnail hentry category-geografia category-resurse-educationale hello-academy-blog-item-grid post-wrapper thrv_wrapper \" tcb_hover_state_parent=\"\" data-selector=\".post-wrapper\"><style class=\"tcb-post-list-dynamic-style\" type=\"text\/css\"><\/style><\/p>\n<h2><span data-shortcode=\"tcb_post_title\" data-shortcode-name=\"Post title\" data-extra_key=\"\" data-attr-link=\"1\" data-attr-target=\"0\" data-attr-rel=\"0\" data-option-inline=\"1\" data-attr-static-link=\"{&quot;className&quot;:&quot;tve-froala fr-basic&quot;,&quot;href&quot;:&quot;#&quot;,&quot;title&quot;:&quot;Geografia&quot;,&quot;data-css&quot;:&quot;tve-u-184a15c2b3a&quot;,&quot;class&quot;:&quot;tve-froala fr-basic&quot;}\" data-attr-css=\"tve-u-184a15c2b3a\"><a href=\"https:\/\/cedra.academy\/?p=1922\" title=\"Componentele hidrosferei. Apele continentale \u015fi oceanice\" data-css=\"tve-u-184a15c2b3a\" class=\"tve-froala fr-basic\">Componentele hidrosferei. Apele continentale \u015fi oceanice<\/a><\/span><\/h2>\n<p><a href=\"https:\/\/cedra.academy\/?p=1922\"> Desc\u0103rca\u021bi<\/a><\/article><\/div><div class=\"tcb-pagination thrv_wrapper tcb-permanently-hidden\" data-list=\"tve-u-184a15a9fa9\" data-type=\"load_more\"><a>Afl\u0103 mai mult<\/a><\/div><\/p>\n","protected":false},"excerpt":{"rendered":"<p>Geografie Lec\u021bie<\/p>\n","protected":false},"author":1,"featured_media":0,"parent":469,"menu_order":0,"comment_status":"closed","ping_status":"closed","template":"","meta":{"footnotes":""},"_links":{"self":[{"href":"https:\/\/cedra.academy\/index.php?rest_route=\/wp\/v2\/pages\/485"}],"collection":[{"href":"https:\/\/cedra.academy\/index.php?rest_route=\/wp\/v2\/pages"}],"about":[{"href":"https:\/\/cedra.academy\/index.php?rest_route=\/wp\/v2\/types\/page"}],"author":[{"embeddable":true,"href":"https:\/\/cedra.academy\/index.php?rest_route=\/wp\/v2\/users\/1"}],"replies":[{"embeddable":true,"href":"https:\/\/cedra.academy\/index.php?rest_route=%2Fwp%2Fv2%2Fcomments&post=485"}],"version-history":[{"count":7,"href":"https:\/\/cedra.academy\/index.php?rest_route=\/wp\/v2\/pages\/485\/revisions"}],"predecessor-version":[{"id":2239,"href":"https:\/\/cedra.academy\/index.php?rest_route=\/wp\/v2\/pages\/485\/revisions\/2239"}],"up":[{"embeddable":true,"href":"https:\/\/cedra.academy\/index.php?rest_route=\/wp\/v2\/pages\/469"}],"wp:attachment":[{"href":"https:\/\/cedra.academy\/index.php?rest_route=%2Fwp%2Fv2%2Fmedia&parent=485"}],"curies":[{"name":"wp","href":"https:\/\/api.w.org\/{rel}","templated":true}]}}