{"id":487,"date":"2022-11-24T05:25:36","date_gmt":"2022-11-24T03:25:36","guid":{"rendered":"http:\/\/cedra.academy\/?page_id=487"},"modified":"2022-11-27T23:59:58","modified_gmt":"2022-11-27T21:59:58","slug":"istorie","status":"publish","type":"page","link":"https:\/\/cedra.academy\/?page_id=487","title":{"rendered":"Istorie"},"content":{"rendered":"<br \/>\n<h3 style=\"text-align: center;\"><strong>Istorie<\/strong><\/h3>\n<h3 style=\"text-align: center;\">resurse pentru lec\u021bie<\/h3>\n<p><div class=\"tcb-post-list thrv_wrapper\" data-type=\"grid\" data-pagination-type=\"load_more\" data-pages_near_current=\"2\" data-css=\"tve-u-184a15a9fa9\" data-total_post_count=\"18\" data-total_sticky_count=\"0\" data-disabled-links=\"1\" data-featured-list=\"tve-u-184a138f6fc\" data-no_posts_text=\"There are no posts to display.\"><article id=\"post-1946\" class=\"post-1946 post type-post status-publish format-standard has-post-thumbnail hentry category-istoria category-resurse-educationale hello-academy-blog-item-grid post-wrapper thrv_wrapper \" tcb_hover_state_parent=\"\" data-selector=\".post-wrapper\"><style class=\"tcb-post-list-dynamic-style\" type=\"text\/css\"><\/style><\/p>\n<h2><span data-id=\"0\" data-type=\"true\" style=\"display: inline-block; line-height: 0;\"><\/span><span data-id=\"0\" data-type=\"true\" style=\"display: inline-block; line-height: 0;\"><\/span><span data-id=\"0\" data-type=\"true\" style=\"display: inline-block; line-height: 0;\"><\/span><span data-id=\"0\" data-type=\"true\" style=\"display: inline-block; line-height: 0;\"><\/span><span data-shortcode=\"tcb_post_title\" data-shortcode-name=\"Post title\" data-extra_key=\"\" data-attr-link=\"1\" data-attr-target=\"0\" data-attr-rel=\"0\" data-option-inline=\"1\" data-attr-static-link=\"{&quot;className&quot;:&quot;tve-froala fr-basic&quot;,&quot;href&quot;:&quot;#&quot;,&quot;title&quot;:&quot;Istorie&quot;,&quot;data-css&quot;:&quot;tve-u-184a15c2b3a&quot;,&quot;class&quot;:&quot;tve-froala fr-basic&quot;}\" data-attr-css=\"tve-u-184a15c2b3a\"><a href=\"https:\/\/cedra.academy\/?p=1946\" title=\"Soliman Magnificul\" data-css=\"tve-u-184a15c2b3a\" class=\"tve-froala fr-basic\">Soliman Magnificul<\/a><\/span><span data-id=\"0\" data-type=\"false\" style=\"display: inline-block; line-height: 0;\"><\/span><span data-id=\"0\" data-type=\"false\" style=\"display: inline-block; line-height: 0;\"><\/span><span data-id=\"0\" data-type=\"false\" style=\"display: inline-block; line-height: 0;\"><\/span><span data-id=\"0\" data-type=\"false\" style=\"display: inline-block; line-height: 0;\"><\/span><\/h2>\n<p><a href=\"https:\/\/cedra.academy\/?p=1946\" style=\"\"><span>                    <\/span><span><span>Desc\u0103rca\u021bi<\/span><\/span><\/a><\/article><article id=\"post-2265\" class=\"post-2265 post type-post status-publish format-standard has-post-thumbnail hentry category-istoria category-resurse-educationale hello-academy-blog-item-grid post-wrapper thrv_wrapper \" tcb_hover_state_parent=\"\" data-selector=\".post-wrapper\"><style class=\"tcb-post-list-dynamic-style\" type=\"text\/css\"><\/style><\/p>\n<h2><span data-id=\"0\" data-type=\"true\" style=\"display: inline-block; line-height: 0;\"><\/span><span data-id=\"0\" data-type=\"true\" style=\"display: inline-block; line-height: 0;\"><\/span><span data-id=\"0\" data-type=\"true\" style=\"display: inline-block; line-height: 0;\"><\/span><span data-id=\"0\" data-type=\"true\" style=\"display: inline-block; line-height: 0;\"><\/span><span data-shortcode=\"tcb_post_title\" data-shortcode-name=\"Post title\" data-extra_key=\"\" data-attr-link=\"1\" data-attr-target=\"0\" data-attr-rel=\"0\" data-option-inline=\"1\" data-attr-static-link=\"{&quot;className&quot;:&quot;tve-froala fr-basic&quot;,&quot;href&quot;:&quot;#&quot;,&quot;title&quot;:&quot;Istorie&quot;,&quot;data-css&quot;:&quot;tve-u-184a15c2b3a&quot;,&quot;class&quot;:&quot;tve-froala fr-basic&quot;}\" data-attr-css=\"tve-u-184a15c2b3a\"><a href=\"https:\/\/cedra.academy\/?p=2265\" title=\"Fondarea Romei: istorie \u0219i legend\u0103\" data-css=\"tve-u-184a15c2b3a\" class=\"tve-froala fr-basic\">Fondarea Romei: istorie \u0219i legend\u0103<\/a><\/span><span data-id=\"0\" data-type=\"false\" style=\"display: inline-block; line-height: 0;\"><\/span><span data-id=\"0\" data-type=\"false\" style=\"display: inline-block; line-height: 0;\"><\/span><span data-id=\"0\" data-type=\"false\" style=\"display: inline-block; line-height: 0;\"><\/span><span data-id=\"0\" data-type=\"false\" style=\"display: inline-block; line-height: 0;\"><\/span><\/h2>\n<p><a href=\"https:\/\/cedra.academy\/?p=2265\" style=\"\"><span>                    <\/span><span><span>Desc\u0103rca\u021bi<\/span><\/span><\/a><\/article><article id=\"post-1780\" class=\"post-1780 post type-post status-publish format-standard has-post-thumbnail hentry category-istoria category-resurse-educationale hello-academy-blog-item-grid post-wrapper thrv_wrapper \" tcb_hover_state_parent=\"\" data-selector=\".post-wrapper\"><style class=\"tcb-post-list-dynamic-style\" type=\"text\/css\"><\/style><\/p>\n<h2><span data-id=\"0\" data-type=\"true\" style=\"display: inline-block; line-height: 0;\"><\/span><span data-id=\"0\" data-type=\"true\" style=\"display: inline-block; line-height: 0;\"><\/span><span data-id=\"0\" data-type=\"true\" style=\"display: inline-block; line-height: 0;\"><\/span><span data-id=\"0\" data-type=\"true\" style=\"display: inline-block; line-height: 0;\"><\/span><span data-shortcode=\"tcb_post_title\" data-shortcode-name=\"Post title\" data-extra_key=\"\" data-attr-link=\"1\" data-attr-target=\"0\" data-attr-rel=\"0\" data-option-inline=\"1\" data-attr-static-link=\"{&quot;className&quot;:&quot;tve-froala fr-basic&quot;,&quot;href&quot;:&quot;#&quot;,&quot;title&quot;:&quot;Istorie&quot;,&quot;data-css&quot;:&quot;tve-u-184a15c2b3a&quot;,&quot;class&quot;:&quot;tve-froala fr-basic&quot;}\" data-attr-css=\"tve-u-184a15c2b3a\"><a href=\"https:\/\/cedra.academy\/?p=1780\" title=\"Napoleon Bonaparte \u2013 personalitate marcant\u0103 \u00een istoria omenirii\" data-css=\"tve-u-184a15c2b3a\" class=\"tve-froala fr-basic\">Napoleon Bonaparte \u2013 personalitate marcant\u0103 \u00een istoria omenirii<\/a><\/span><span data-id=\"0\" data-type=\"false\" style=\"display: inline-block; line-height: 0;\"><\/span><span data-id=\"0\" data-type=\"false\" style=\"display: inline-block; line-height: 0;\"><\/span><span data-id=\"0\" data-type=\"false\" style=\"display: inline-block; line-height: 0;\"><\/span><span data-id=\"0\" data-type=\"false\" style=\"display: inline-block; line-height: 0;\"><\/span><\/h2>\n<p><a href=\"https:\/\/cedra.academy\/?p=1780\" style=\"\"><span>                    <\/span><span><span>Desc\u0103rca\u021bi<\/span><\/span><\/a><\/article><article id=\"post-1749\" class=\"post-1749 post type-post status-publish format-standard has-post-thumbnail hentry category-istoria category-resurse-educationale hello-academy-blog-item-grid post-wrapper thrv_wrapper \" tcb_hover_state_parent=\"\" data-selector=\".post-wrapper\"><style class=\"tcb-post-list-dynamic-style\" type=\"text\/css\"><\/style><\/p>\n<h2><span data-id=\"0\" data-type=\"true\" style=\"display: inline-block; line-height: 0;\"><\/span><span data-id=\"0\" data-type=\"true\" style=\"display: inline-block; line-height: 0;\"><\/span><span data-id=\"0\" data-type=\"true\" style=\"display: inline-block; line-height: 0;\"><\/span><span data-id=\"0\" data-type=\"true\" style=\"display: inline-block; line-height: 0;\"><\/span><span data-shortcode=\"tcb_post_title\" data-shortcode-name=\"Post title\" data-extra_key=\"\" data-attr-link=\"1\" data-attr-target=\"0\" data-attr-rel=\"0\" data-option-inline=\"1\" data-attr-static-link=\"{&quot;className&quot;:&quot;tve-froala fr-basic&quot;,&quot;href&quot;:&quot;#&quot;,&quot;title&quot;:&quot;Istorie&quot;,&quot;data-css&quot;:&quot;tve-u-184a15c2b3a&quot;,&quot;class&quot;:&quot;tve-froala fr-basic&quot;}\" data-attr-css=\"tve-u-184a15c2b3a\"><a href=\"https:\/\/cedra.academy\/?p=1749\" title=\"Evul Mediu\" data-css=\"tve-u-184a15c2b3a\" class=\"tve-froala fr-basic\">Evul Mediu<\/a><\/span><span data-id=\"0\" data-type=\"false\" style=\"display: inline-block; line-height: 0;\"><\/span><span data-id=\"0\" data-type=\"false\" style=\"display: inline-block; line-height: 0;\"><\/span><span data-id=\"0\" data-type=\"false\" style=\"display: inline-block; line-height: 0;\"><\/span><span data-id=\"0\" data-type=\"false\" style=\"display: inline-block; line-height: 0;\"><\/span><\/h2>\n<p><a href=\"https:\/\/cedra.academy\/?p=1749\" style=\"\"><span>                    <\/span><span><span>Desc\u0103rca\u021bi<\/span><\/span><\/a><\/article><article id=\"post-1951\" class=\"post-1951 post type-post status-publish format-standard has-post-thumbnail hentry category-istoria category-resurse-educationale hello-academy-blog-item-grid post-wrapper thrv_wrapper \" tcb_hover_state_parent=\"\" data-selector=\".post-wrapper\"><style class=\"tcb-post-list-dynamic-style\" type=\"text\/css\"><\/style><\/p>\n<h2><span data-id=\"0\" data-type=\"true\" style=\"display: inline-block; line-height: 0;\"><\/span><span data-id=\"0\" data-type=\"true\" style=\"display: inline-block; line-height: 0;\"><\/span><span data-id=\"0\" data-type=\"true\" style=\"display: inline-block; line-height: 0;\"><\/span><span data-id=\"0\" data-type=\"true\" style=\"display: inline-block; line-height: 0;\"><\/span><span data-shortcode=\"tcb_post_title\" data-shortcode-name=\"Post title\" data-extra_key=\"\" data-attr-link=\"1\" data-attr-target=\"0\" data-attr-rel=\"0\" data-option-inline=\"1\" data-attr-static-link=\"{&quot;className&quot;:&quot;tve-froala fr-basic&quot;,&quot;href&quot;:&quot;#&quot;,&quot;title&quot;:&quot;Istorie&quot;,&quot;data-css&quot;:&quot;tve-u-184a15c2b3a&quot;,&quot;class&quot;:&quot;tve-froala fr-basic&quot;}\" data-attr-css=\"tve-u-184a15c2b3a\"><a href=\"https:\/\/cedra.academy\/?p=1951\" title=\"Ludovic al XIV-lea \u015fi Palatul de la Versailles\" data-css=\"tve-u-184a15c2b3a\" class=\"tve-froala fr-basic\">Ludovic al XIV-lea \u015fi Palatul de la Versailles<\/a><\/span><span data-id=\"0\" data-type=\"false\" style=\"display: inline-block; line-height: 0;\"><\/span><span data-id=\"0\" data-type=\"false\" style=\"display: inline-block; line-height: 0;\"><\/span><span data-id=\"0\" data-type=\"false\" style=\"display: inline-block; line-height: 0;\"><\/span><span data-id=\"0\" data-type=\"false\" style=\"display: inline-block; line-height: 0;\"><\/span><\/h2>\n<p><a href=\"https:\/\/cedra.academy\/?p=1951\" style=\"\"><span>                    <\/span><span><span>Desc\u0103rca\u021bi<\/span><\/span><\/a><\/article><article id=\"post-1940\" class=\"post-1940 post type-post status-publish format-standard has-post-thumbnail hentry category-istoria category-resurse-educationale hello-academy-blog-item-grid post-wrapper thrv_wrapper \" tcb_hover_state_parent=\"\" data-selector=\".post-wrapper\"><style class=\"tcb-post-list-dynamic-style\" type=\"text\/css\"><\/style><\/p>\n<h2><span data-id=\"0\" data-type=\"true\" style=\"display: inline-block; line-height: 0;\"><\/span><span data-id=\"0\" data-type=\"true\" style=\"display: inline-block; line-height: 0;\"><\/span><span data-id=\"0\" data-type=\"true\" style=\"display: inline-block; line-height: 0;\"><\/span><span data-id=\"0\" data-type=\"true\" style=\"display: inline-block; line-height: 0;\"><\/span><span data-shortcode=\"tcb_post_title\" data-shortcode-name=\"Post title\" data-extra_key=\"\" data-attr-link=\"1\" data-attr-target=\"0\" data-attr-rel=\"0\" data-option-inline=\"1\" data-attr-static-link=\"{&quot;className&quot;:&quot;tve-froala fr-basic&quot;,&quot;href&quot;:&quot;#&quot;,&quot;title&quot;:&quot;Istorie&quot;,&quot;data-css&quot;:&quot;tve-u-184a15c2b3a&quot;,&quot;class&quot;:&quot;tve-froala fr-basic&quot;}\" data-attr-css=\"tve-u-184a15c2b3a\"><a href=\"https:\/\/cedra.academy\/?p=1940\" title=\"Fondarea Romei. Statul roman: r\u0103zboaie \u015fi expansiune teritorial\u0103\" data-css=\"tve-u-184a15c2b3a\" class=\"tve-froala fr-basic\">Fondarea Romei. Statul roman: r\u0103zboaie \u015fi expansiune teritorial\u0103<\/a><\/span><span data-id=\"0\" data-type=\"false\" style=\"display: inline-block; line-height: 0;\"><\/span><span data-id=\"0\" data-type=\"false\" style=\"display: inline-block; line-height: 0;\"><\/span><span data-id=\"0\" data-type=\"false\" style=\"display: inline-block; line-height: 0;\"><\/span><span data-id=\"0\" data-type=\"false\" style=\"display: inline-block; line-height: 0;\"><\/span><\/h2>\n<p><a href=\"https:\/\/cedra.academy\/?p=1940\" style=\"\"><span>                    <\/span><span><span>Desc\u0103rca\u021bi<\/span><\/span><\/a><\/article><\/div><div class=\"tcb-pagination thrv_wrapper tcb-permanently-hidden\" data-list=\"tve-u-184a15a9fa9\" data-type=\"load_more\"><a href=\"javascript:void(0)\"><span><span>Afl\u0103 mai mult<\/span><\/span><\/a><\/div><\/p>\n","protected":false},"excerpt":{"rendered":"<p>Istorie resurse pentru lec\u021bie<\/p>\n","protected":false},"author":1,"featured_media":0,"parent":469,"menu_order":0,"comment_status":"closed","ping_status":"closed","template":"","meta":{"footnotes":""},"_links":{"self":[{"href":"https:\/\/cedra.academy\/index.php?rest_route=\/wp\/v2\/pages\/487"}],"collection":[{"href":"https:\/\/cedra.academy\/index.php?rest_route=\/wp\/v2\/pages"}],"about":[{"href":"https:\/\/cedra.academy\/index.php?rest_route=\/wp\/v2\/types\/page"}],"author":[{"embeddable":true,"href":"https:\/\/cedra.academy\/index.php?rest_route=\/wp\/v2\/users\/1"}],"replies":[{"embeddable":true,"href":"https:\/\/cedra.academy\/index.php?rest_route=%2Fwp%2Fv2%2Fcomments&post=487"}],"version-history":[{"count":5,"href":"https:\/\/cedra.academy\/index.php?rest_route=\/wp\/v2\/pages\/487\/revisions"}],"predecessor-version":[{"id":713,"href":"https:\/\/cedra.academy\/index.php?rest_route=\/wp\/v2\/pages\/487\/revisions\/713"}],"up":[{"embeddable":true,"href":"https:\/\/cedra.academy\/index.php?rest_route=\/wp\/v2\/pages\/469"}],"wp:attachment":[{"href":"https:\/\/cedra.academy\/index.php?rest_route=%2Fwp%2Fv2%2Fmedia&parent=487"}],"curies":[{"name":"wp","href":"https:\/\/api.w.org\/{rel}","templated":true}]}}